{"id":1906,"date":"2022-12-09T15:11:48","date_gmt":"2022-12-09T14:11:48","guid":{"rendered":"https:\/\/ertlbutor.hu\/about-us\/"},"modified":"2023-05-09T09:24:59","modified_gmt":"2023-05-09T08:24:59","slug":"about-us","status":"publish","type":"page","link":"https:\/\/ertlbutor.hu\/en\/about-us\/","title":{"rendered":"About us"},"content":{"rendered":"<section class=\"wpb-content-wrapper\"><p>[vc_row row_height_percent=&#8221;0&#8243; override_padding=&#8221;yes&#8221; h_padding=&#8221;2&#8243; top_padding=&#8221;4&#8243; bottom_padding=&#8221;5&#8243; overlay_alpha=&#8221;100&#8243; gutter_size=&#8221;3&#8243; column_width_percent=&#8221;100&#8243; shift_y=&#8221;0&#8243; z_index=&#8221;0&#8243; row_height_use_pixel=&#8221;&#8221; uncode_shortcode_id=&#8221;506214&#8243;][vc_column column_width_use_pixel=&#8221;yes&#8221; gutter_size=&#8221;3&#8243; overlay_alpha=&#8221;50&#8243; shift_x=&#8221;0&#8243; shift_y=&#8221;0&#8243; shift_y_down=&#8221;0&#8243; z_index=&#8221;0&#8243; medium_width=&#8221;0&#8243; mobile_width=&#8221;0&#8243; zoom_width=&#8221;0&#8243; zoom_height=&#8221;0&#8243; column_width_pixel=&#8221;700&#8243; uncode_shortcode_id=&#8221;173533&#8243;][vc_column_text uncode_shortcode_id=&#8221;368371&#8243;]<strong>The goal of Ertl Faipari Kft. and ER-FA 2000 Faipari Kft, both of which constitute the ERTL Group of Companies, is to provide its customers with high-quality, value-for-money services at all times, in a reliable and timely manner being supported by a high level of expertise.  <\/strong>[\/vc_column_text][vc_custom_heading heading_semantic=&#8221;h3&#8243; text_size=&#8221;h3&#8243; text_weight=&#8221;700&#8243; uncode_shortcode_id=&#8221;112306&#8243; el_class=&#8221;quote&#8221;]Our aim and plan is to implement the<br \/>\nfurniture our customers dream about.[\/vc_custom_heading][vc_column_text text_lead=&#8221;yes&#8221; uncode_shortcode_id=&#8221;143909&#8243;]Our aim and plan is to implement the furniture our customers dream about. The history of our Group of Companies reaches back to the 1990s, when Ferenc Ertl started his private business as a carpenter. In 1995 he purchased a piece of the site we occupy currently then he established the ER-FA 2000 wood industry company in 1996, the scope of activities of which included trade in furniture materials and accessories and manufacturing individual furniture. <\/p>\n<p>In 1996 we launched our shop in Sz\u00e9kesfeh\u00e9rv\u00e1r. After that one of the most important milestones followed in the life of our group of firms in 2001, when the commercial and the manufacturing parts separated and the ERTL Wood Industry Kft. was established. Through separating the two main activities we were able to optimize the purchasing of materials and the commercial tasks and thus production became more economic and cost effective.[\/vc_column_text][\/vc_column][\/vc_row][vc_row unlock_row_content=&#8221;yes&#8221; row_height_percent=&#8221;0&#8243; overlay_alpha=&#8221;50&#8243; gutter_size=&#8221;3&#8243; column_width_percent=&#8221;100&#8243; shift_y=&#8221;0&#8243; z_index=&#8221;0&#8243; uncode_shortcode_id=&#8221;137274&#8243;][vc_column column_width_percent=&#8221;100&#8243; position_vertical=&#8221;middle&#8221; align_horizontal=&#8221;align_center&#8221; gutter_size=&#8221;3&#8243; overlay_alpha=&#8221;50&#8243; shift_x=&#8221;0&#8243; shift_y=&#8221;0&#8243; shift_y_down=&#8221;0&#8243; z_index=&#8221;0&#8243; medium_width=&#8221;0&#8243; mobile_width=&#8221;0&#8243; width=&#8221;1\/1&#8243; uncode_shortcode_id=&#8221;767762&#8243;][vc_single_image media=&#8221;320&#8243; media_width_percent=&#8221;100&#8243; uncode_shortcode_id=&#8221;691539&#8243; el_class=&#8221;respo-svg&#8221;][\/vc_column][\/vc_row][vc_row row_height_percent=&#8221;0&#8243; override_padding=&#8221;yes&#8221; h_padding=&#8221;2&#8243; top_padding=&#8221;3&#8243; bottom_padding=&#8221;2&#8243; overlay_alpha=&#8221;100&#8243; gutter_size=&#8221;3&#8243; column_width_percent=&#8221;100&#8243; shift_y=&#8221;0&#8243; z_index=&#8221;0&#8243; row_height_use_pixel=&#8221;&#8221; uncode_shortcode_id=&#8221;111227&#8243; shape_dividers=&#8221;&#8221;][vc_column column_width_use_pixel=&#8221;yes&#8221; gutter_size=&#8221;3&#8243; overlay_alpha=&#8221;50&#8243; shift_x=&#8221;0&#8243; shift_y=&#8221;0&#8243; shift_y_down=&#8221;0&#8243; z_index=&#8221;0&#8243; medium_width=&#8221;0&#8243; mobile_width=&#8221;0&#8243; zoom_width=&#8221;0&#8243; zoom_height=&#8221;0&#8243; column_width_pixel=&#8221;700&#8243; uncode_shortcode_id=&#8221;173533&#8243;][vc_column_text text_lead=&#8221;yes&#8221; uncode_shortcode_id=&#8221;302344&#8243;]Every condition is provided in our production plan to manufacture furniture that live up to today\u2019s expectations. Our capacity allows us to undertake large projects as well, and the professional background is provided for the implementation of individual products. Quality plays a major role in our company ideology, for which reason quality control is looked upon as a key task. This way we have been able to become a serious supplier for several international networks.   <\/p>\n<p>Today 160 employees, 4500 square meter manufacturing plant, 5300 square meter warehouse for basic material and finished goods and 1600 square meter retail shop and office ensure perfect working conditions. Our revenues reached HUF 1 billion in 2021. We deliver furniture to over 20 countries the world over.[\/vc_column_text][\/vc_column][\/vc_row][vc_row unlock_row_content=&#8221;yes&#8221; row_height_percent=&#8221;0&#8243; override_padding=&#8221;yes&#8221; h_padding=&#8221;0&#8243; top_padding=&#8221;2&#8243; bottom_padding=&#8221;2&#8243; overlay_alpha=&#8221;50&#8243; gutter_size=&#8221;3&#8243; column_width_percent=&#8221;100&#8243; shift_y=&#8221;0&#8243; z_index=&#8221;0&#8243; uncode_shortcode_id=&#8221;197830&#8243;][vc_column width=&#8221;1\/1&#8243;][uncode_block id=&#8221;311&#8243;][\/vc_column][\/vc_row]<\/p>\n<\/section>","protected":false},"excerpt":{"rendered":"<p>Our firm started as a small family business 25 ago. By today we work for satisfied and regular customers all over Hungary and Europe.<\/p>\n","protected":false},"author":1,"featured_media":300,"parent":0,"menu_order":0,"comment_status":"closed","ping_status":"closed","template":"","meta":{"_seopress_robots_primary_cat":"","_seopress_titles_title":"","_seopress_titles_desc":"","_seopress_robots_index":"","om_disable_all_campaigns":false,"_monsterinsights_skip_tracking":false,"_monsterinsights_sitenote_active":false,"_monsterinsights_sitenote_note":"","_monsterinsights_sitenote_category":0,"_uf_show_specific_survey":0,"_uf_disable_surveys":false,"footnotes":""},"class_list":["post-1906","page","type-page","status-publish","has-post-thumbnail","hentry"],"aioseo_notices":[],"_links":{"self":[{"href":"https:\/\/ertlbutor.hu\/en\/wp-json\/wp\/v2\/pages\/1906","targetHints":{"allow":["GET"]}}],"collection":[{"href":"https:\/\/ertlbutor.hu\/en\/wp-json\/wp\/v2\/pages"}],"about":[{"href":"https:\/\/ertlbutor.hu\/en\/wp-json\/wp\/v2\/types\/page"}],"author":[{"embeddable":true,"href":"https:\/\/ertlbutor.hu\/en\/wp-json\/wp\/v2\/users\/1"}],"replies":[{"embeddable":true,"href":"https:\/\/ertlbutor.hu\/en\/wp-json\/wp\/v2\/comments?post=1906"}],"version-history":[{"count":8,"href":"https:\/\/ertlbutor.hu\/en\/wp-json\/wp\/v2\/pages\/1906\/revisions"}],"predecessor-version":[{"id":2436,"href":"https:\/\/ertlbutor.hu\/en\/wp-json\/wp\/v2\/pages\/1906\/revisions\/2436"}],"wp:featuredmedia":[{"embeddable":true,"href":"https:\/\/ertlbutor.hu\/en\/wp-json\/wp\/v2\/media\/300"}],"wp:attachment":[{"href":"https:\/\/ertlbutor.hu\/en\/wp-json\/wp\/v2\/media?parent=1906"}],"curies":[{"name":"wp","href":"https:\/\/api.w.org\/{rel}","templated":true}]}}