{"id":1972,"date":"2022-12-09T16:37:37","date_gmt":"2022-12-09T15:37:37","guid":{"rendered":"https:\/\/ertlbutor.hu\/referenzen\/"},"modified":"2026-04-02T13:59:22","modified_gmt":"2026-04-02T12:59:22","slug":"referenzen","status":"publish","type":"page","link":"https:\/\/ertlbutor.hu\/de\/referenzen\/","title":{"rendered":"Referenzen"},"content":{"rendered":"<section class=\"wpb-content-wrapper\"><p>[vc_row row_height_percent=&#8220;0&#8243; override_padding=&#8220;yes&#8220; h_padding=&#8220;2&#8243; top_padding=&#8220;4&#8243; bottom_padding=&#8220;2&#8243; overlay_alpha=&#8220;50&#8243; gutter_size=&#8220;3&#8243; column_width_percent=&#8220;100&#8243; shift_y=&#8220;0&#8243; z_index=&#8220;0&#8243; uncode_shortcode_id=&#8220;199467&#8243; el_class=&#8220;section&#8211;header&#8220;][vc_column column_width_percent=&#8220;100&#8243; align_horizontal=&#8220;align_center&#8220; gutter_size=&#8220;3&#8243; overlay_alpha=&#8220;50&#8243; shift_x=&#8220;0&#8243; shift_y=&#8220;0&#8243; shift_y_down=&#8220;0&#8243; z_index=&#8220;0&#8243; medium_width=&#8220;0&#8243; mobile_width=&#8220;0&#8243; width=&#8220;1\/1&#8243; uncode_shortcode_id=&#8220;134762&#8243;][vc_custom_heading text_size=&#8220;fontsize-40&#8243; text_weight=&#8220;700&#8243; separator=&#8220;yes&#8220; uncode_shortcode_id=&#8220;213326&#8243;]Unser Angebot[\/vc_custom_heading][\/vc_column][\/vc_row][vc_row row_height_percent=&#8220;0&#8243; override_padding=&#8220;yes&#8220; h_padding=&#8220;2&#8243; top_padding=&#8220;2&#8243; bottom_padding=&#8220;2&#8243; overlay_alpha=&#8220;100&#8243; gutter_size=&#8220;3&#8243; column_width_percent=&#8220;100&#8243; shift_y=&#8220;0&#8243; z_index=&#8220;0&#8243; row_height_use_pixel=&#8220;&#8220; uncode_shortcode_id=&#8220;114780&#8243; el_id=&#8220;left-bottom-circle-v1&#8243;][vc_column column_width_use_pixel=&#8220;yes&#8220; gutter_size=&#8220;3&#8243; overlay_alpha=&#8220;50&#8243; shift_x=&#8220;0&#8243; shift_y=&#8220;0&#8243; shift_y_down=&#8220;0&#8243; z_index=&#8220;0&#8243; medium_width=&#8220;0&#8243; mobile_width=&#8220;0&#8243; zoom_width=&#8220;0&#8243; zoom_height=&#8220;0&#8243; column_width_pixel=&#8220;700&#8243; uncode_shortcode_id=&#8220;173533&#8243;][vc_column_text uncode_shortcode_id=&#8220;368371&#8243;]<strong>Durch die Fa. Ertl Faipari Kft. und die Fa. ER-FA 2000 Faipari Kft. &#8211; die die ERTL-Gruppe bilden &#8211; wird erzielt, ihre innovativen Produkte, qualitativ hochwertigen und preiswerten Dienstleistungen jederzeit mit hoher Fachkompetenz, zuverl\u00e4ssig und fristgerecht ihren Kunden zu liefern bzw. zu erf\u00fcllen. <\/strong>[\/vc_column_text][vc_custom_heading heading_semantic=&#8220;h3&#8243; text_size=&#8220;h3&#8243; text_weight=&#8220;700&#8243; uncode_shortcode_id=&#8220;992848&#8243; el_class=&#8220;quote&#8220;]Unser Ziel und Plan ist es, die von unseren Kunden ertr\u00e4umten M\u00f6bel zu verwirklichen.[\/vc_custom_heading][vc_column_text text_lead=&#8220;yes&#8220; uncode_shortcode_id=&#8220;206658&#8243;]In unserer Produktionsst\u00e4tte sind alle Voraussetzungen erf\u00fcllt, um M\u00f6bel herzustellen, die den heutigen Anforderungen bzw. Erwartungen entsprechen. Unsere Kapazit\u00e4ten erlauben es uns, gro\u00dfe Projekte zu \u00fcbernehmen, und wir verf\u00fcgen auch \u00fcber den entsprechenden beruflichen Hintergrund sowie Erfahrungen, individuelle Produkte herzustellen. Die Qualit\u00e4t spielt eine wichtige Rolle in der Ideologie unseres Unternehmens, deshalb betrachten wir die Qualit\u00e4tskontrolle als eine besondere Aufgabe (mit Priorit\u00e4t). Dies hat es uns erm\u00f6glicht, ein wichtiger Lieferant f\u00fcr mehrere internationale Netzwerke zu werden.<\/p>\n<p>Heute bieten 150 Mitarbeiter, eine 4500 Quadratmeter gro\u00dfe Produktionsst\u00e4tte, 5300 Quadratmeter Rohmaterial- und Fertigwarenlager, 1600 Quadratmeter Ladengesch\u00e4ft und B\u00fcro perfekte Arbeitsbedingungen. Wir haben M\u00f6bel in mehr als 20 L\u00e4nder weltweit geliefert.[\/vc_column_text][\/vc_column][\/vc_row][vc_row row_height_percent=&#8220;0&#8243; overlay_alpha=&#8220;50&#8243; gutter_size=&#8220;3&#8243; column_width_percent=&#8220;100&#8243; shift_y=&#8220;0&#8243; z_index=&#8220;0&#8243; uncode_shortcode_id=&#8220;192391&#8243; el_class=&#8220;section&#8211;referencia&#8220;][vc_column column_width_percent=&#8220;100&#8243; align_horizontal=&#8220;align_right&#8220; gutter_size=&#8220;3&#8243; overlay_alpha=&#8220;50&#8243; shift_x=&#8220;0&#8243; shift_y=&#8220;0&#8243; shift_y_down=&#8220;-5&#8243; shift_y_down_fixed=&#8220;yes&#8220; z_index=&#8220;2&#8243; align_medium=&#8220;align_center_tablet&#8220; medium_width=&#8220;0&#8243; align_mobile=&#8220;align_center_mobile&#8220; mobile_width=&#8220;0&#8243; width=&#8220;1\/1&#8243; uncode_shortcode_id=&#8220;213384&#8243;][uncode_index el_id=&#8220;index-homepage-referencia&#8220; index_type=&#8220;carousel&#8220; loop=&#8220;size:10|order_by:date|post_type:portfolio|tax_query:32|taxonomy_count:10&#8243; carousel_lg=&#8220;4&#8243; carousel_md=&#8220;3&#8243; carousel_sm=&#8220;1&#8243; thumb_size=&#8220;fluid&#8220; carousel_height_viewport=&#8220;65&#8243; gutter_size=&#8220;2&#8243; portfolio_items=&#8220;title,media|featured|onpost|original,spacer|half,icon|sm&#8220; carousel_interval=&#8220;5000&#8243; carousel_navspeed=&#8220;700&#8243; carousel_loop=&#8220;yes&#8220; carousel_nav=&#8220;yes&#8220; carousel_nav_mobile=&#8220;yes&#8220; carousel_nav_skin=&#8220;dark&#8220; carousel_dot_position=&#8220;left&#8220; carousel_width_percent=&#8220;100&#8243; stage_padding=&#8220;0&#8243; single_text=&#8220;overlay&#8220; single_shape=&#8220;round&#8220; single_overlay_color=&#8220;color-jevc&#8220; single_overlay_coloration=&#8220;bottom_gradient&#8220; single_overlay_opacity=&#8220;100&#8243; single_overlay_visible=&#8220;yes&#8220; single_overlay_anim=&#8220;no&#8220; single_text_visible=&#8220;yes&#8220; single_text_anim=&#8220;no&#8220; single_image_magnetic=&#8220;yes&#8220; single_v_position=&#8220;bottom&#8220; single_padding=&#8220;2&#8243; single_title_dimension=&#8220;h4&#8243; single_meta_custom_typo=&#8220;yes&#8220; single_meta_size=&#8220;default&#8220; single_meta_weight=&#8220;300&#8243; single_border=&#8220;yes&#8220; single_css_animation=&#8220;left-t-right&#8220; single_animation_speed=&#8220;700&#8243; single_animation_delay=&#8220;200&#8243; single_animation_first=&#8220;yes&#8220; uncode_shortcode_id=&#8220;883556&#8243; single_icon=&#8220;fa fa-arrow-right4&#8243;][\/vc_column][\/vc_row][vc_row row_height_percent=&#8220;0&#8243; override_padding=&#8220;yes&#8220; h_padding=&#8220;2&#8243; top_padding=&#8220;6&#8243; bottom_padding=&#8220;2&#8243; back_color=&#8220;color-pc&#8220; overlay_alpha=&#8220;50&#8243; equal_height=&#8220;yes&#8220; gutter_size=&#8220;3&#8243; column_width_percent=&#8220;100&#8243; shift_y=&#8220;0&#8243; z_index=&#8220;0&#8243; uncode_shortcode_id=&#8220;138114&#8243; back_color_type=&#8220;uncode-palette&#8220;][vc_column column_width_percent=&#8220;100&#8243; gutter_size=&#8220;3&#8243; overlay_alpha=&#8220;50&#8243; shift_x=&#8220;0&#8243; shift_y=&#8220;0&#8243; shift_y_down=&#8220;0&#8243; z_index=&#8220;2&#8243; medium_width=&#8220;0&#8243; mobile_width=&#8220;0&#8243; width=&#8220;1\/3&#8243; uncode_shortcode_id=&#8220;189777&#8243;][vc_empty_space empty_h=&#8220;2&#8243; desktop_visibility=&#8220;yes&#8220;][vc_single_image media=&#8220;3307&#8243; media_width_percent=&#8220;100&#8243; uncode_shortcode_id=&#8220;192255&#8243;][\/vc_column][vc_column column_width_percent=&#8220;100&#8243; position_vertical=&#8220;bottom&#8220; align_horizontal=&#8220;align_center&#8220; gutter_size=&#8220;3&#8243; overlay_alpha=&#8220;50&#8243; shift_x=&#8220;0&#8243; shift_y=&#8220;0&#8243; shift_y_down=&#8220;0&#8243; z_index=&#8220;0&#8243; medium_width=&#8220;0&#8243; mobile_width=&#8220;0&#8243; width=&#8220;1\/3&#8243; uncode_shortcode_id=&#8220;403677&#8243;][vc_custom_heading text_color=&#8220;color-xsdn&#8220; text_size=&#8220;fontsize-40&#8243; text_weight=&#8220;700&#8243; uncode_shortcode_id=&#8220;496041&#8243; text_color_type=&#8220;uncode-palette&#8220;]Ertl B\u00fator Katalog[\/vc_custom_heading][vc_empty_space empty_h=&#8220;1&#8243;][\/vc_column][vc_column column_width_percent=&#8220;100&#8243; position_vertical=&#8220;bottom&#8220; align_horizontal=&#8220;align_right&#8220; gutter_size=&#8220;3&#8243; overlay_alpha=&#8220;50&#8243; shift_x=&#8220;0&#8243; shift_y=&#8220;0&#8243; shift_y_down=&#8220;0&#8243; z_index=&#8220;0&#8243; align_medium=&#8220;align_center_tablet&#8220; medium_width=&#8220;0&#8243; align_mobile=&#8220;align_center_mobile&#8220; mobile_width=&#8220;0&#8243; width=&#8220;1\/3&#8243; uncode_shortcode_id=&#8220;101901&#8243;][vc_button size=&#8220;link&#8220; custom_typo=&#8220;yes&#8220; font_family=&#8220;font-555555&#8243; font_weight=&#8220;700&#8243; icon_position=&#8220;right&#8220; scale_mobile=&#8220;no&#8220; uncode_shortcode_id=&#8220;186785&#8243; icon=&#8220;fa fa-arrow-down2&#8243; el_class=&#8220;btn-border-large&#8220; link=&#8220;url:https%3A%2F%2Fertlbutor.hu%2Fwp-content%2Fuploads%2F2026%2F04%2FErtl-katalogus-2026-DE.pdf|target:_blank&#8220;]Download[\/vc_button][\/vc_column][\/vc_row]<\/p>\n<\/section>","protected":false},"excerpt":{"rendered":"<p>Heute arbeiten wir f\u00fcr zufriedene, wiederkehrende Kunden in Ungarn und auch in ganz Europa.<\/p>\n","protected":false},"author":1,"featured_media":3301,"parent":0,"menu_order":0,"comment_status":"closed","ping_status":"closed","template":"","meta":{"_seopress_robots_primary_cat":"","_seopress_titles_title":"","_seopress_titles_desc":"","_seopress_robots_index":"","om_disable_all_campaigns":false,"_monsterinsights_skip_tracking":false,"_monsterinsights_sitenote_active":false,"_monsterinsights_sitenote_note":"","_monsterinsights_sitenote_category":0,"_uf_show_specific_survey":0,"_uf_disable_surveys":false,"footnotes":""},"class_list":["post-1972","page","type-page","status-publish","has-post-thumbnail","hentry"],"aioseo_notices":[],"_links":{"self":[{"href":"https:\/\/ertlbutor.hu\/de\/wp-json\/wp\/v2\/pages\/1972","targetHints":{"allow":["GET"]}}],"collection":[{"href":"https:\/\/ertlbutor.hu\/de\/wp-json\/wp\/v2\/pages"}],"about":[{"href":"https:\/\/ertlbutor.hu\/de\/wp-json\/wp\/v2\/types\/page"}],"author":[{"embeddable":true,"href":"https:\/\/ertlbutor.hu\/de\/wp-json\/wp\/v2\/users\/1"}],"replies":[{"embeddable":true,"href":"https:\/\/ertlbutor.hu\/de\/wp-json\/wp\/v2\/comments?post=1972"}],"version-history":[{"count":8,"href":"https:\/\/ertlbutor.hu\/de\/wp-json\/wp\/v2\/pages\/1972\/revisions"}],"predecessor-version":[{"id":3323,"href":"https:\/\/ertlbutor.hu\/de\/wp-json\/wp\/v2\/pages\/1972\/revisions\/3323"}],"wp:featuredmedia":[{"embeddable":true,"href":"https:\/\/ertlbutor.hu\/de\/wp-json\/wp\/v2\/media\/3301"}],"wp:attachment":[{"href":"https:\/\/ertlbutor.hu\/de\/wp-json\/wp\/v2\/media?parent=1972"}],"curies":[{"name":"wp","href":"https:\/\/api.w.org\/{rel}","templated":true}]}}